{"id":405,"date":"2019-09-17T22:49:06","date_gmt":"2019-09-17T22:49:06","guid":{"rendered":"http:\/\/integratedrehab.bluedotproduction.ca\/?page_id=405"},"modified":"2019-10-10T17:56:25","modified_gmt":"2019-10-10T17:56:25","slug":"community-involvement","status":"publish","type":"page","link":"https:\/\/integratedrehab.org\/fr\/community-involvement\/","title":{"rendered":"L'IMPLICATION DANS LA COMMUNAUT\u00c9"},"content":{"rendered":"<div      class=\"vc_row wpb_row section vc_row-fluid\" style='background-color:#daa520;background-image:url(https:\/\/integratedrehab.org\/wp-content\/uploads\/2019\/09\/flare.jpg); text-align:left;'><div class=\"full_section_inner clearfix\"><div class=\"wpb_column vc_column_container vc_col-sm-12\"><div class=\"vc_column-inner\"><div class=\"wpb_wrapper\"><div      class=\"vc_row wpb_row section vc_row-fluid vc_inner  vc_custom_1568757884310\" style=' text-align:left;'><div class=\"full_section_inner clearfix\"><div class=\"wpb_column vc_column_container vc_col-sm-12\"><div class=\"vc_column-inner\"><div class=\"wpb_wrapper\">\n\t<div class=\"wpb_text_column wpb_content_element\">\n\t\t<div class=\"wpb_wrapper\">\n\t\t\t<h1 style=\"text-align: center;\">L'IMPLICATION DANS LA COMMUNAUT\u00c9<\/h1>\n\n\t\t<\/div> \n\t<\/div> <\/div><\/div><\/div><\/div><\/div><\/div><\/div><\/div><\/div><\/div><div      class=\"vc_row wpb_row section vc_row-fluid\" style='background-image:url(https:\/\/integratedrehab.org\/wp-content\/uploads\/2019\/10\/home-assess-2.jpg); text-align:left;'><div class=\"full_section_inner clearfix\"><div class=\"wpb_column vc_column_container vc_col-sm-12\"><div class=\"vc_column-inner\"><div class=\"wpb_wrapper\"><div      class=\"vc_row wpb_row section vc_row-fluid vc_inner  vc_custom_1568760739294\" style=' text-align:left;'><div class=\"full_section_inner clearfix\"><div class=\"wpb_column vc_column_container vc_col-sm-12\"><div class=\"vc_column-inner\"><div class=\"wpb_wrapper\">\n\t<div class=\"wpb_text_column wpb_content_element\">\n\t\t<div class=\"wpb_wrapper\">\n\t\t\t<h3 class=\"top-community\" style=\"color: #fff; text-align: center;\">Integrated Rehab Professionals apporte son soutien, ses conseils et travaille en tandem avec diverses agences et associations partenaires. En voici quelques-unes :<\/h3>\n\n\t\t<\/div> \n\t<\/div> <div class=\"separator  small center\" style=\"background-color: #4354d6;height: 6pxpx;width: 144pxpx;\"><\/div>\n<\/div><\/div><\/div><\/div><\/div><\/div><\/div><\/div><\/div><\/div><div      class=\"vc_row wpb_row section vc_row-fluid  vc_custom_1568758095776\" style=' text-align:left;'><div class=\"full_section_inner clearfix\"><div class=\"wpb_column vc_column_container vc_col-sm-12\"><div class=\"vc_column-inner\"><div class=\"wpb_wrapper\"><div      class=\"vc_row wpb_row section vc_row-fluid vc_inner  vc_custom_1568758881430\" style=' text-align:left;'><div class=\"full_section_inner clearfix\"><div class=\"contact-box wpb_column vc_column_container vc_col-sm-6\"><div class=\"vc_column-inner\"><div class=\"wpb_wrapper\">\n\t<div class=\"wpb_text_column wpb_content_element\">\n\t\t<div class=\"wpb_wrapper\">\n\t\t\t<h3 class=\"community\"><strong>Agences communautaires :<\/strong><\/h3>\n<p>&nbsp;<\/p>\n<ul>\n<li>CARF Commission on Accreditation of Rehabilitation facilities (Commission d'accr\u00e9ditation des \u00e9tablissements de r\u00e9adaptation)<\/li>\n<li>Durham, Scarborough, Peterborough\/Kawartha \u00c9quipes sanitaires de l'Ontario<\/li>\n<li>R\u00e9seau local d'int\u00e9gration des services de sant\u00e9 Durham, Scarborough, Haliburton, Lindsay, Port Hope et Campbellford - actuellement HCCSS<\/li>\n<li>Universit\u00e9 de Queens, Universit\u00e9 de Toronto, Durham College<\/li>\n<li>Fournisseurs communautaires de la r\u00e9gion de Durham (sans se limiter \u00e0 Medigas, Shoppers Home Health Care, Durham Medical, Homestead Oxygen, Motion Specialties, Therapy supplies, etc.<\/li>\n<li>Organismes de financement :  March of Dimes, Partnership in Service, Veteran Affairs Canada, ODSP, Interim Federal health program, Bundled Care at Hospitals.<\/li>\n<li>Cliniques de physioth\u00e9rapie ambulatoire<\/li>\n<li>Autorit\u00e9s compl\u00e9mentaires en mati\u00e8re de logement<\/li>\n<li>Abris<\/li>\n<li>Soins de rel\u00e8ve<\/li>\n<li>Programme d'appareils d'assistance<\/li>\n<li>Agences de th\u00e9rapie<\/li>\n<li>Programmes de jour<\/li>\n<li>Agences de soins infirmiers et d'aide \u00e0 la personne<\/li>\n<li>Agences prestataires<\/li>\n<li>Anciens combattants Canada<\/li>\n<\/ul>\n\n\t\t<\/div> \n\t<\/div> <\/div><\/div><\/div><div class=\"contact-box wpb_column vc_column_container vc_col-sm-6\"><div class=\"vc_column-inner\"><div class=\"wpb_wrapper\">\n\t<div class=\"wpb_text_column wpb_content_element\">\n\t\t<div class=\"wpb_wrapper\">\n\t\t\t<h3 class=\"community\"><strong>LES ASSOCIATIONS ET LES COLL\u00c8GES :<\/strong><\/h3>\n<p>&nbsp;<\/p>\n<ul>\n<li>Coll\u00e8ges de physioth\u00e9rapie, d'ergoth\u00e9rapie, de travail social, de di\u00e9t\u00e9tique et de kin\u00e9siologie<\/li>\n<li>Associations canadienne et ontarienne de physioth\u00e9rapie, d'ergoth\u00e9rapie, de travail social et de di\u00e9t\u00e9tique<\/li>\n<li>Association ontarienne de soins \u00e0 domicile<\/li>\n<li>Fondation des maladies du c\u0153ur<\/li>\n<li>Initiative europ\u00e9enne contre les accidents vasculaires c\u00e9r\u00e9braux<\/li>\n<li>Associations de maladies chroniques :  Diab\u00e8te\/l\u00e9sion c\u00e9r\u00e9brale\/maladies respiratoires\/pulmonaires\/cardiaques\/sant\u00e9 mentale, etc.<\/li>\n<\/ul>\n\n\t\t<\/div> \n\t<\/div> <\/div><\/div><\/div><\/div><\/div><\/div><\/div><\/div><\/div><\/div>","protected":false},"excerpt":{"rendered":"Community Involvement Integrated Rehab Professionals gives support, advice and works in tandem with various partnered agencies and associations.\u00a0 Some of these are: COMMUNITY AGENCIES: &nbsp; CARF (Commission on Accreditation of Rehabilitation Facilities) Durham, Scarborough, Peterborough\/Kawartha Ontario Health Teams Local Health Integration Network (Durham, Scarborough, Haliburton,...","protected":false},"author":1,"featured_media":0,"parent":0,"menu_order":0,"comment_status":"closed","ping_status":"closed","template":"full_width.php","meta":{"footnotes":""},"class_list":["post-405","page","type-page","status-publish","hentry"],"_links":{"self":[{"href":"https:\/\/integratedrehab.org\/fr\/wp-json\/wp\/v2\/pages\/405","targetHints":{"allow":["GET"]}}],"collection":[{"href":"https:\/\/integratedrehab.org\/fr\/wp-json\/wp\/v2\/pages"}],"about":[{"href":"https:\/\/integratedrehab.org\/fr\/wp-json\/wp\/v2\/types\/page"}],"author":[{"embeddable":true,"href":"https:\/\/integratedrehab.org\/fr\/wp-json\/wp\/v2\/users\/1"}],"replies":[{"embeddable":true,"href":"https:\/\/integratedrehab.org\/fr\/wp-json\/wp\/v2\/comments?post=405"}],"version-history":[{"count":15,"href":"https:\/\/integratedrehab.org\/fr\/wp-json\/wp\/v2\/pages\/405\/revisions"}],"predecessor-version":[{"id":795,"href":"https:\/\/integratedrehab.org\/fr\/wp-json\/wp\/v2\/pages\/405\/revisions\/795"}],"wp:attachment":[{"href":"https:\/\/integratedrehab.org\/fr\/wp-json\/wp\/v2\/media?parent=405"}],"curies":[{"name":"wp","href":"https:\/\/api.w.org\/{rel}","templated":true}]}}