{"id":378,"date":"2019-09-17T21:09:51","date_gmt":"2019-09-17T21:09:51","guid":{"rendered":"http:\/\/integratedrehab.bluedotproduction.ca\/?page_id=378"},"modified":"2019-09-23T21:04:04","modified_gmt":"2019-09-23T21:04:04","slug":"massage-therapy","status":"publish","type":"page","link":"https:\/\/integratedrehab.org\/fr\/services\/massage-therapy\/","title":{"rendered":"Massoth\u00e9rapie enregistr\u00e9e"},"content":{"rendered":"<div      class=\"vc_row wpb_row section vc_row-fluid  vc_custom_1569271684414\" style='background-color:#e8c320;background-image:url(https:\/\/integratedrehab.org\/wp-content\/uploads\/2019\/09\/flare.jpg); text-align:center;'><div class=\"full_section_inner clearfix\"><div class=\"wpb_column vc_column_container vc_col-sm-12\"><div class=\"vc_column-inner\"><div class=\"wpb_wrapper\"><div      class=\"vc_row wpb_row section vc_row-fluid vc_inner\" style=' text-align:left;'><div class=\"full_section_inner clearfix\"><div class=\"wpb_column vc_column_container vc_col-sm-12\"><div class=\"vc_column-inner\"><div class=\"wpb_wrapper\">\n\t<div class=\"wpb_text_column wpb_content_element\">\n\t\t<div class=\"wpb_wrapper\">\n\t\t\t<h1 style=\"text-align: center;\">Prestations de service<\/h1>\n\n\t\t<\/div> \n\t<\/div> <\/div><\/div><\/div><\/div><\/div><\/div><\/div><\/div><\/div><\/div><section      data-speed=\"0\" class=\"parallax_section_holder\" style = \" height:px; background-image:url('https:\/\/integratedrehab.org\/wp-content\/uploads\/2019\/09\/about-us-ellipse.png');\"><div class=\"parallax_content left\"><div class='parallax_section_inner_margin clearfix'><div class=\"wpb_column vc_column_container vc_col-sm-12\"><div class=\"vc_column-inner\"><div class=\"wpb_wrapper\"><div      class=\"vc_row wpb_row section vc_row-fluid vc_inner  vc_custom_1568752192704\" style=' text-align:left;'><div class=\"full_section_inner clearfix\"><div class=\"wpb_column vc_column_container vc_col-sm-4\"><div class=\"vc_column-inner\"><div class=\"wpb_wrapper\">\n\t<div class=\"wpb_raw_code wpb_content_element wpb_raw_html\" >\n\t\t<div class=\"wpb_wrapper\">\n\t\t\t<div class=\"services\">\n<a href=\"\/fr\/services\/home-assessment-treatment\/\"><div class=\"service-content\">L'\u00e9valuation Et Le Traitement \u00c0 Domicile<\/div><\/a>\n<a href=\"\/fr\/services\/occupational-therapy\/\"><div class=\"service-content\">Ergoth\u00e9rapie<\/div><\/a>\n<a href=\"\/fr\/services\/physiotherapy\/\"><div class=\"service-content\">Physioth\u00e9rapie<\/div><\/a>\n<a href=\"\/fr\/services\/social-work\/\"><div class=\"service-content\">Travail Social<\/div><\/a>\n<a href=\"\/fr\/services\/dietitian\/\"><div class=\"service-content\">Services De Di\u00e9t\u00e9tique<\/div><\/a>\n<a href=\"\/fr\/services\/physiotherapy-occupational-therapy-assistant\/\"><div class=\"service-content\">Les Assistants En Physioth\u00e9rapie Et En Ergoth\u00e9rapie<\/div><\/a>\n<a href=\"\/fr\/services\/fall-prevention\/\"><div class=\"service-content\">Cours de pr\u00e9vention des chutes dans les maisons de retraite<\/div><\/a>\n<a href=\"\/fr\/services\/massage-therapy\/\"><div class=\"service-content-active\">Massoth\u00e9rapie enregistr\u00e9e<\/div><\/a>\n<\/div>\n\t\t<\/div>\n\t<\/div>\n<\/div><\/div><\/div><div class=\"info-box wpb_column vc_column_container vc_col-sm-8\"><div class=\"vc_column-inner\"><div class=\"wpb_wrapper\">\n\t<div class=\"wpb_single_image wpb_content_element vc_align_left\">\n\t\t<div class=\"wpb_wrapper\">\n\t\t\t\n\t\t\t<div class=\"vc_single_image-wrapper   vc_box_border_grey\"><img loading=\"lazy\" decoding=\"async\" width=\"530\" height=\"230\" src=\"https:\/\/integratedrehab.org\/wp-content\/uploads\/2019\/09\/massage-therapy-banner.jpg\" class=\"vc_single_image-img attachment-full\" alt=\"\" srcset=\"https:\/\/integratedrehab.org\/wp-content\/uploads\/2019\/09\/massage-therapy-banner.jpg 530w, https:\/\/integratedrehab.org\/wp-content\/uploads\/2019\/09\/massage-therapy-banner-300x130.jpg 300w\" sizes=\"auto, (max-width: 530px) 100vw, 530px\" \/><\/div>\n\t\t<\/div>\n\t<\/div>\n\t<div class=\"vc_empty_space\"  style=\"height: 32px\" ><span\n\t\t\tclass=\"vc_empty_space_inner\">\n\t\t\t<span class=\"empty_space_image\"  ><\/span>\n\t\t<\/span><\/div>\n\n\n\t<div class=\"wpb_text_column wpb_content_element\">\n\t\t<div class=\"wpb_wrapper\">\n\t\t\t<h2>Massoth\u00e9rapie enregistr\u00e9e<\/h2>\n\n\t\t<\/div> \n\t<\/div> \t<div class=\"vc_empty_space\"  style=\"height: 32px\" ><span\n\t\t\tclass=\"vc_empty_space_inner\">\n\t\t\t<span class=\"empty_space_image\"  ><\/span>\n\t\t<\/span><\/div>\n\n\n\t<div class=\"wpb_text_column wpb_content_element\">\n\t\t<div class=\"wpb_wrapper\">\n\t\t\t<p>Par des massoth\u00e9rapeutes agr\u00e9\u00e9s<\/p>\n<p>&nbsp;<\/p>\n<p>Le massoth\u00e9rapeute \u00e9value et traite les clients \u00e0 domicile. La massoth\u00e9rapie consiste \u00e0 \u00e9valuer et \u00e0 traiter les tissus mous du corps par des manipulations pratiques. Son objectif est de d\u00e9velopper, entretenir, r\u00e9\u00e9duquer ou augmenter la fonction physique et soulager la douleur. La massoth\u00e9rapie est la forme de traitement la plus ancienne et utilis\u00e9e dans toutes les cultures. Aujourd\u2019hui, la massoth\u00e9rapie est la th\u00e9rapie compl\u00e9mentaire qui conna\u00eet la croissance la plus rapide. \u00c0 mesure que les consommateurs deviennent plus conscients de leur sant\u00e9 et de leur bien-\u00eatre, leur attention commence \u00e0 se d\u00e9placer vers la pr\u00e9vention et le maintien de leur sant\u00e9. Aux c\u00f4t\u00e9s des soins primaires et de la r\u00e9adaptation, la massoth\u00e9rapie fait d\u00e9sormais partie int\u00e9grante de cette approche combin\u00e9e.<\/p>\n<p>&nbsp;<\/p>\n<p>La massoth\u00e9rapie offre une option de sant\u00e9 alternative pour soulager l'inconfort des tissus mous associ\u00e9 au stress quotidien et professionnel, \u00e0 la surmenage musculaire et \u00e0 de nombreux syndromes de douleur chronique. Il peut \u00e9galement r\u00e9duire le d\u00e9veloppement de sch\u00e9mas musculaires douloureux tels que : des lombalgies constantes ou des maux de t\u00eate associ\u00e9s \u00e0 un accident ou \u00e0 un autre type de traumatisme ou associ\u00e9s \u00e0 un mauvais positionnement pendant la journ\u00e9e de travail.<\/p>\n<p>&nbsp;<\/p>\n<p>La massoth\u00e9rapie est offerte \u00e0 notre clinique et \u00e0 domicile. Les massoth\u00e9rapeutes sont inscrits aupr\u00e8s de l'Ordre des massoth\u00e9rapeutes de l'Ontario et sont agr\u00e9\u00e9s en vertu de la Loi sur les professionnels de la sant\u00e9 r\u00e9glement\u00e9s. Ils offrent des massages de r\u00e9\u00e9ducation aux patients souffrant de coups du lapin (accidents de la route), de maux de t\u00eate, de tensions et de migraines, de douleurs au dos et au cou, de troubles de stress chroniques, de blessures sportives, de fibromyalgie, d'arthrite et d'inconfort d\u00fb \u00e0 la grossesse. La massoth\u00e9rapie produit une diminution de la tension corporelle et du stress \u00e9motionnel, une am\u00e9lioration de l'amplitude des mouvements, une diminution de l'enflure et de l'inflammation ainsi qu'une diminution de la douleur, de la raideur et des spasmes musculaires.<\/p>\n\n\t\t<\/div> \n\t<\/div> \t<div class=\"vc_empty_space\"  style=\"height: 32px\" ><span\n\t\t\tclass=\"vc_empty_space_inner\">\n\t\t\t<span class=\"empty_space_image\"  ><\/span>\n\t\t<\/span><\/div>\n\n<a  itemprop=\"url\" href=\"\/fr\/contact-us\/\" target=\"_self\"  class=\"qbutton  default\" style=\"\">Parlons<\/a><\/div><\/div><\/div><\/div><\/div><\/div><\/div><\/div><\/div><\/div><\/section>","protected":false},"excerpt":{"rendered":"Services Home Assessment &amp; Treatment Occupational Therapy Physiotherapy Social Work Dietitian's Services Physiotherapy &amp; Occupational Therapy Assistant Fall Prevention Classes In Retirement Homes Registered Massage Therapy Registered Massage Therapy By Registered Massage Therapists &nbsp; The Massage Therapist assesses and treats clients in their homes. Massage...","protected":false},"author":1,"featured_media":0,"parent":495,"menu_order":0,"comment_status":"closed","ping_status":"closed","template":"full_width.php","meta":{"footnotes":""},"class_list":["post-378","page","type-page","status-publish","hentry"],"_links":{"self":[{"href":"https:\/\/integratedrehab.org\/fr\/wp-json\/wp\/v2\/pages\/378","targetHints":{"allow":["GET"]}}],"collection":[{"href":"https:\/\/integratedrehab.org\/fr\/wp-json\/wp\/v2\/pages"}],"about":[{"href":"https:\/\/integratedrehab.org\/fr\/wp-json\/wp\/v2\/types\/page"}],"author":[{"embeddable":true,"href":"https:\/\/integratedrehab.org\/fr\/wp-json\/wp\/v2\/users\/1"}],"replies":[{"embeddable":true,"href":"https:\/\/integratedrehab.org\/fr\/wp-json\/wp\/v2\/comments?post=378"}],"version-history":[{"count":7,"href":"https:\/\/integratedrehab.org\/fr\/wp-json\/wp\/v2\/pages\/378\/revisions"}],"predecessor-version":[{"id":739,"href":"https:\/\/integratedrehab.org\/fr\/wp-json\/wp\/v2\/pages\/378\/revisions\/739"}],"up":[{"embeddable":true,"href":"https:\/\/integratedrehab.org\/fr\/wp-json\/wp\/v2\/pages\/495"}],"wp:attachment":[{"href":"https:\/\/integratedrehab.org\/fr\/wp-json\/wp\/v2\/media?parent=378"}],"curies":[{"name":"wp","href":"https:\/\/api.w.org\/{rel}","templated":true}]}}