{"id":376,"date":"2019-09-17T21:08:46","date_gmt":"2019-09-17T21:08:46","guid":{"rendered":"http:\/\/integratedrehab.bluedotproduction.ca\/?page_id=376"},"modified":"2019-09-23T21:04:11","modified_gmt":"2019-09-23T21:04:11","slug":"fall-prevention","status":"publish","type":"page","link":"https:\/\/integratedrehab.org\/fr\/services\/fall-prevention\/","title":{"rendered":"Cours de pr\u00e9vention des chutes dans les maisons de retraite"},"content":{"rendered":"<div      class=\"vc_row wpb_row section vc_row-fluid  vc_custom_1569271019937\" style='background-color:#e8c320;background-image:url(https:\/\/integratedrehab.org\/wp-content\/uploads\/2019\/09\/flare.jpg); text-align:center;'><div class=\"full_section_inner clearfix\"><div class=\"wpb_column vc_column_container vc_col-sm-12\"><div class=\"vc_column-inner\"><div class=\"wpb_wrapper\"><div      class=\"vc_row wpb_row section vc_row-fluid vc_inner\" style=' text-align:left;'><div class=\"full_section_inner clearfix\"><div class=\"wpb_column vc_column_container vc_col-sm-12\"><div class=\"vc_column-inner\"><div class=\"wpb_wrapper\">\n\t<div class=\"wpb_text_column wpb_content_element\">\n\t\t<div class=\"wpb_wrapper\">\n\t\t\t<h1 style=\"text-align: center;\">Prestations de service<\/h1>\n\n\t\t<\/div> \n\t<\/div> <\/div><\/div><\/div><\/div><\/div><\/div><\/div><\/div><\/div><\/div><section      data-speed=\"0\" class=\"parallax_section_holder\" style = \" height:px; background-image:url('https:\/\/integratedrehab.org\/wp-content\/uploads\/2019\/09\/about-us-ellipse.png');\"><div class=\"parallax_content left\"><div class='parallax_section_inner_margin clearfix'><div class=\"wpb_column vc_column_container vc_col-sm-12\"><div class=\"vc_column-inner\"><div class=\"wpb_wrapper\"><div      class=\"vc_row wpb_row section vc_row-fluid vc_inner  vc_custom_1568752192704\" style=' text-align:left;'><div class=\"full_section_inner clearfix\"><div class=\"wpb_column vc_column_container vc_col-sm-4\"><div class=\"vc_column-inner\"><div class=\"wpb_wrapper\">\n\t<div class=\"wpb_raw_code wpb_content_element wpb_raw_html\" >\n\t\t<div class=\"wpb_wrapper\">\n\t\t\t<div class=\"services\">\n<a href=\"\/fr\/services\/home-assessment-treatment\/\"><div class=\"service-content\">L'\u00e9valuation Et Le Traitement \u00c0 Domicile<\/div><\/a>\n<a href=\"\/fr\/services\/occupational-therapy\/\"><div class=\"service-content\">Ergoth\u00e9rapie<\/div><\/a>\n<a href=\"\/fr\/services\/physiotherapy\/\"><div class=\"service-content\">Physioth\u00e9rapie<\/div><\/a>\n<a href=\"\/fr\/services\/social-work\/\"><div class=\"service-content\">Travail Social<\/div><\/a>\n<a href=\"\/fr\/services\/dietitian\/\"><div class=\"service-content\">Services De Di\u00e9t\u00e9tique<\/div><\/a>\n<a href=\"\/fr\/services\/physiotherapy-occupational-therapy-assistant\/\"><div class=\"service-content\">Les Assistants En Physioth\u00e9rapie Et En Ergoth\u00e9rapie<\/div><\/a>\n<a href=\"\/fr\/services\/fall-prevention\/\"><div class=\"service-content-active\">Cours de pr\u00e9vention des chutes dans les maisons de retraite<\/div><\/a>\n<a href=\"\/fr\/services\/massage-therapy\/\"><div class=\"service-content-bottom\">Massoth\u00e9rapie enregistr\u00e9e<\/div><\/a>\n<\/div>\n\t\t<\/div>\n\t<\/div>\n<\/div><\/div><\/div><div class=\"info-box wpb_column vc_column_container vc_col-sm-8\"><div class=\"vc_column-inner\"><div class=\"wpb_wrapper\">\n\t<div class=\"wpb_single_image wpb_content_element vc_align_left\">\n\t\t<div class=\"wpb_wrapper\">\n\t\t\t\n\t\t\t<div class=\"vc_single_image-wrapper   vc_box_border_grey\"><img loading=\"lazy\" decoding=\"async\" width=\"530\" height=\"230\" src=\"https:\/\/integratedrehab.org\/wp-content\/uploads\/2019\/09\/fall-prevention-v2.jpg\" class=\"vc_single_image-img attachment-full\" alt=\"\" srcset=\"https:\/\/integratedrehab.org\/wp-content\/uploads\/2019\/09\/fall-prevention-v2.jpg 530w, https:\/\/integratedrehab.org\/wp-content\/uploads\/2019\/09\/fall-prevention-v2-300x130.jpg 300w\" sizes=\"auto, (max-width: 530px) 100vw, 530px\" \/><\/div>\n\t\t<\/div>\n\t<\/div>\n\t<div class=\"vc_empty_space\"  style=\"height: 32px\" ><span\n\t\t\tclass=\"vc_empty_space_inner\">\n\t\t\t<span class=\"empty_space_image\"  ><\/span>\n\t\t<\/span><\/div>\n\n\n\t<div class=\"wpb_text_column wpb_content_element\">\n\t\t<div class=\"wpb_wrapper\">\n\t\t\t<h2>Cours de pr\u00e9vention des chutes dans les maisons de retraite<\/h2>\n\n\t\t<\/div> \n\t<\/div> \t<div class=\"vc_empty_space\"  style=\"height: 32px\" ><span\n\t\t\tclass=\"vc_empty_space_inner\">\n\t\t\t<span class=\"empty_space_image\"  ><\/span>\n\t\t<\/span><\/div>\n\n\n\t<div class=\"wpb_text_column wpb_content_element\">\n\t\t<div class=\"wpb_wrapper\">\n\t\t\t<p>Par Reg. Kin\u00e9siologues<\/p>\n<p>&nbsp;<\/p>\n<p>Integrated Rehab Professionals offre des cours de pr\u00e9vention des chutes dispens\u00e9s par des professionnels de la sant\u00e9 r\u00e9glement\u00e9s (kin\u00e9siologues) dans des maisons de retraite coordonn\u00e9s par Community Care Durham. Veuillez appeler notre bureau pour vous renseigner sur ces cours.<\/p>\n\n\t\t<\/div> \n\t<\/div> \t<div class=\"vc_empty_space\"  style=\"height: 32px\" ><span\n\t\t\tclass=\"vc_empty_space_inner\">\n\t\t\t<span class=\"empty_space_image\"  ><\/span>\n\t\t<\/span><\/div>\n\n<a  itemprop=\"url\" href=\"\/fr\/contact-us\/\" target=\"_self\"  class=\"qbutton  default\" style=\"\">Parlons<\/a><\/div><\/div><\/div><\/div><\/div><\/div><\/div><\/div><\/div><\/div><\/section>","protected":false},"excerpt":{"rendered":"Services Home Assessment &amp; Treatment Occupational Therapy Physiotherapy Social Work Dietitian's Services Physiotherapy &amp; Occupational Therapy Assistant Fall Prevention Classes In Retirement Homes Registered Massage Therapy Fall Prevention Classes In Retirement Homes By Reg. Kinesiologists &nbsp; Integrated Rehab Professionals provides falls prevention classes by Regulated...","protected":false},"author":1,"featured_media":0,"parent":495,"menu_order":0,"comment_status":"closed","ping_status":"closed","template":"full_width.php","meta":{"footnotes":""},"class_list":["post-376","page","type-page","status-publish","hentry"],"_links":{"self":[{"href":"https:\/\/integratedrehab.org\/fr\/wp-json\/wp\/v2\/pages\/376","targetHints":{"allow":["GET"]}}],"collection":[{"href":"https:\/\/integratedrehab.org\/fr\/wp-json\/wp\/v2\/pages"}],"about":[{"href":"https:\/\/integratedrehab.org\/fr\/wp-json\/wp\/v2\/types\/page"}],"author":[{"embeddable":true,"href":"https:\/\/integratedrehab.org\/fr\/wp-json\/wp\/v2\/users\/1"}],"replies":[{"embeddable":true,"href":"https:\/\/integratedrehab.org\/fr\/wp-json\/wp\/v2\/comments?post=376"}],"version-history":[{"count":5,"href":"https:\/\/integratedrehab.org\/fr\/wp-json\/wp\/v2\/pages\/376\/revisions"}],"predecessor-version":[{"id":740,"href":"https:\/\/integratedrehab.org\/fr\/wp-json\/wp\/v2\/pages\/376\/revisions\/740"}],"up":[{"embeddable":true,"href":"https:\/\/integratedrehab.org\/fr\/wp-json\/wp\/v2\/pages\/495"}],"wp:attachment":[{"href":"https:\/\/integratedrehab.org\/fr\/wp-json\/wp\/v2\/media?parent=376"}],"curies":[{"name":"wp","href":"https:\/\/api.w.org\/{rel}","templated":true}]}}