{"id":363,"date":"2019-09-17T21:02:48","date_gmt":"2019-09-17T21:02:48","guid":{"rendered":"http:\/\/integratedrehab.bluedotproduction.ca\/?page_id=363"},"modified":"2019-09-23T21:04:35","modified_gmt":"2019-09-23T21:04:35","slug":"social-work","status":"publish","type":"page","link":"https:\/\/integratedrehab.org\/fr\/services\/social-work\/","title":{"rendered":"Travail Social"},"content":{"rendered":"<div      class=\"vc_row wpb_row section vc_row-fluid  vc_custom_1569271674154\" style='background-color:#e8c320;background-image:url(https:\/\/integratedrehab.org\/wp-content\/uploads\/2019\/09\/flare.jpg); text-align:center;'><div class=\"full_section_inner clearfix\"><div class=\"wpb_column vc_column_container vc_col-sm-12\"><div class=\"vc_column-inner\"><div class=\"wpb_wrapper\"><div      class=\"vc_row wpb_row section vc_row-fluid vc_inner\" style=' text-align:left;'><div class=\"full_section_inner clearfix\"><div class=\"wpb_column vc_column_container vc_col-sm-12\"><div class=\"vc_column-inner\"><div class=\"wpb_wrapper\">\n\t<div class=\"wpb_text_column wpb_content_element\">\n\t\t<div class=\"wpb_wrapper\">\n\t\t\t<h1 style=\"text-align: center;\">Prestations de service<\/h1>\n\n\t\t<\/div> \n\t<\/div> <\/div><\/div><\/div><\/div><\/div><\/div><\/div><\/div><\/div><\/div><section      data-speed=\"0\" class=\"parallax_section_holder\" style = \" height:px; background-image:url('https:\/\/integratedrehab.org\/wp-content\/uploads\/2019\/09\/about-us-ellipse.png');\"><div class=\"parallax_content left\"><div class='parallax_section_inner_margin clearfix'><div class=\"wpb_column vc_column_container vc_col-sm-12\"><div class=\"vc_column-inner\"><div class=\"wpb_wrapper\"><div      class=\"vc_row wpb_row section vc_row-fluid vc_inner  vc_custom_1568752192704\" style=' text-align:left;'><div class=\"full_section_inner clearfix\"><div class=\"wpb_column vc_column_container vc_col-sm-4\"><div class=\"vc_column-inner\"><div class=\"wpb_wrapper\">\n\t<div class=\"wpb_raw_code wpb_content_element wpb_raw_html\" >\n\t\t<div class=\"wpb_wrapper\">\n\t\t\t<div class=\"services\">\n<a href=\"\/fr\/services\/home-assessment-treatment\/\"><div class=\"service-content\">L'\u00e9valuation Et Le Traitement \u00c0 Domicile<\/div><\/a>\n<a href=\"\/fr\/services\/occupational-therapy\/\"><div class=\"service-content\">Ergoth\u00e9rapie<\/div><\/a>\n<a href=\"\/fr\/services\/physiotherapy\/\"><div class=\"service-content\">Physioth\u00e9rapie<\/div><\/a>\n<a href=\"\/fr\/services\/social-work\/\"><div class=\"service-content-active\">Travail Social<\/div><\/a>\n<a href=\"\/fr\/services\/dietitian\/\"><div class=\"service-content\">Services De Di\u00e9t\u00e9tique<\/div><\/a>\n<a href=\"\/fr\/services\/physiotherapy-occupational-therapy-assistant\/\"><div class=\"service-content\">Les Assistants En Physioth\u00e9rapie Et En Ergoth\u00e9rapie<\/div><\/a>\n<a href=\"\/fr\/services\/fall-prevention\/\"><div class=\"service-content\">Cours de pr\u00e9vention des chutes dans les maisons de retraite<\/div><\/a>\n<a href=\"\/fr\/services\/massage-therapy\/\"><div class=\"service-content-bottom\">Massoth\u00e9rapie enregistr\u00e9e<\/div><\/a>\n<\/div>\n\t\t<\/div>\n\t<\/div>\n<\/div><\/div><\/div><div class=\"info-box wpb_column vc_column_container vc_col-sm-8\"><div class=\"vc_column-inner\"><div class=\"wpb_wrapper\">\n\t<div class=\"wpb_single_image wpb_content_element vc_align_left\">\n\t\t<div class=\"wpb_wrapper\">\n\t\t\t\n\t\t\t<div class=\"vc_single_image-wrapper   vc_box_border_grey\"><img loading=\"lazy\" decoding=\"async\" width=\"530\" height=\"230\" src=\"https:\/\/integratedrehab.org\/wp-content\/uploads\/2019\/09\/social-work-banner.jpg\" class=\"vc_single_image-img attachment-full\" alt=\"\" srcset=\"https:\/\/integratedrehab.org\/wp-content\/uploads\/2019\/09\/social-work-banner.jpg 530w, https:\/\/integratedrehab.org\/wp-content\/uploads\/2019\/09\/social-work-banner-300x130.jpg 300w\" sizes=\"auto, (max-width: 530px) 100vw, 530px\" \/><\/div>\n\t\t<\/div>\n\t<\/div>\n\t<div class=\"vc_empty_space\"  style=\"height: 32px\" ><span\n\t\t\tclass=\"vc_empty_space_inner\">\n\t\t\t<span class=\"empty_space_image\"  ><\/span>\n\t\t<\/span><\/div>\n\n\n\t<div class=\"wpb_text_column wpb_content_element\">\n\t\t<div class=\"wpb_wrapper\">\n\t\t\t<h2>Travail Social<\/h2>\n\n\t\t<\/div> \n\t<\/div> \t<div class=\"vc_empty_space\"  style=\"height: 32px\" ><span\n\t\t\tclass=\"vc_empty_space_inner\">\n\t\t\t<span class=\"empty_space_image\"  ><\/span>\n\t\t<\/span><\/div>\n\n\n\t<div class=\"wpb_text_column wpb_content_element\">\n\t\t<div class=\"wpb_wrapper\">\n\t\t\t<p>Par la ma\u00eetrise en travail social<\/p>\n<p>&nbsp;<\/p>\n<p>Les assistants sociaux rendent visite au client \u00e0 son domicile pour le conseiller ou pour toute une s\u00e9rie de raisons.  Le service de travail social est une discipline professionnelle de soins de sant\u00e9 qui fournit des conseils, de la d\u00e9fense, de l'\u00e9ducation et du soutien pour les probl\u00e8mes psychosociaux, qui ont un impact sur les soins aux clients et l'adaptation \u00e0 la maladie.  Les travailleurs sociaux de l'Integrated Rehab Professionals interviennent aupr\u00e8s de la population adulte en g\u00e9n\u00e9ral et des patients souffrant de troubles mentaux dans la communaut\u00e9. \n\nLes clients dont le r\u00e9tablissement ou la qualit\u00e9 de vie sont affect\u00e9s b\u00e9n\u00e9ficient des interventions suivantes de l'assistant social :<\/p>\n<p>&nbsp;<\/p>\n<p>Les clients dont le r\u00e9tablissement ou la qualit\u00e9 de vie est affect\u00e9 n\u00e9gativement b\u00e9n\u00e9ficient de l\u2019intervention de travail social suivante\u00a0:<\/p>\n<ul>\n<li>D\u00e9fense des int\u00e9r\u00eats et conseils li\u00e9s \u00e0 la maladie, au handicap et \u00e0 la perte d'un \u00eatre cher<\/li>\n<li>Conseils pour aider \u00e0 faire face aux difficult\u00e9s d'adaptation (difficult\u00e9 \u00e0 supporter l'\u00e9tat de sant\u00e9 actuel)<\/li>\n<li>Services de soutien communautaire pour les syst\u00e8mes de soutien inad\u00e9quats ou inefficaces (isolement social)<\/li>\n<li>Conseils pour la d\u00e9pression situationnelle<\/li>\n<li>Intervention dans les conflits familiaux \/ procuration, tutelle<\/li>\n<li>Aide en cas de crise financi\u00e8re\/de logement<\/li>\n<li>D\u00e9fendre la cause des abus\/n\u00e9gligences en mati\u00e8re de besoins fondamentaux (physiques, \u00e9motionnels, financiers, sociaux ou suspicion de tels abus ou n\u00e9gligences).<\/li>\n<li>Soutien en cas de stress multiples (conflit li\u00e9 aux soins, deuil, changement de r\u00f4le, etc.)<\/li>\n<li>Soutien dans les situations palliatives (lors de la d\u00e9couverte, du traitement, de la r\u00e9mission, de la mort et du deuil).<\/li>\n<li>Conseils en cas de crise de sant\u00e9 mentale, de probl\u00e8mes ou de difficult\u00e9s d'adaptation.<\/li>\n<\/ul>\n\n\t\t<\/div> \n\t<\/div> \t<div class=\"vc_empty_space\"  style=\"height: 32px\" ><span\n\t\t\tclass=\"vc_empty_space_inner\">\n\t\t\t<span class=\"empty_space_image\"  ><\/span>\n\t\t<\/span><\/div>\n\n<a  itemprop=\"url\" href=\"\/fr\/contact-us\/\" target=\"_self\"  class=\"qbutton  default\" style=\"\">Parlons<\/a><\/div><\/div><\/div><\/div><\/div><\/div><\/div><\/div><\/div><\/div><\/section>","protected":false},"excerpt":{"rendered":"Services Home Assessment &amp; Treatment Occupational Therapy Physiotherapy Social Work Dietitian's Services Physiotherapy &amp; Occupational Therapy Assistant Fall Prevention Classes In Retirement Homes Registered Massage Therapy Social Work By Masters of Social Work &nbsp; Social Workers visit the client in their home for counselling for...","protected":false},"author":1,"featured_media":0,"parent":495,"menu_order":0,"comment_status":"closed","ping_status":"closed","template":"full_width.php","meta":{"footnotes":""},"class_list":["post-363","page","type-page","status-publish","hentry"],"_links":{"self":[{"href":"https:\/\/integratedrehab.org\/fr\/wp-json\/wp\/v2\/pages\/363","targetHints":{"allow":["GET"]}}],"collection":[{"href":"https:\/\/integratedrehab.org\/fr\/wp-json\/wp\/v2\/pages"}],"about":[{"href":"https:\/\/integratedrehab.org\/fr\/wp-json\/wp\/v2\/types\/page"}],"author":[{"embeddable":true,"href":"https:\/\/integratedrehab.org\/fr\/wp-json\/wp\/v2\/users\/1"}],"replies":[{"embeddable":true,"href":"https:\/\/integratedrehab.org\/fr\/wp-json\/wp\/v2\/comments?post=363"}],"version-history":[{"count":7,"href":"https:\/\/integratedrehab.org\/fr\/wp-json\/wp\/v2\/pages\/363\/revisions"}],"predecessor-version":[{"id":743,"href":"https:\/\/integratedrehab.org\/fr\/wp-json\/wp\/v2\/pages\/363\/revisions\/743"}],"up":[{"embeddable":true,"href":"https:\/\/integratedrehab.org\/fr\/wp-json\/wp\/v2\/pages\/495"}],"wp:attachment":[{"href":"https:\/\/integratedrehab.org\/fr\/wp-json\/wp\/v2\/media?parent=363"}],"curies":[{"name":"wp","href":"https:\/\/api.w.org\/{rel}","templated":true}]}}