{"id":325,"date":"2019-09-17T20:04:21","date_gmt":"2019-09-17T20:04:21","guid":{"rendered":"http:\/\/integratedrehab.bluedotproduction.ca\/?page_id=325"},"modified":"2019-10-10T17:55:08","modified_gmt":"2019-10-10T17:55:08","slug":"home-assessment-treatment","status":"publish","type":"page","link":"https:\/\/integratedrehab.org\/fr\/services\/home-assessment-treatment\/","title":{"rendered":"L'\u00c9VALUATION ET LE TRAITEMENT \u00c0 DOMICILE"},"content":{"rendered":"<div      class=\"vc_row wpb_row section vc_row-fluid  vc_custom_1569271615381\" style='background-color:#daa520;background-image:url(https:\/\/integratedrehab.org\/wp-content\/uploads\/2019\/09\/flare.jpg); text-align:center;'><div class=\"full_section_inner clearfix\"><div class=\"wpb_column vc_column_container vc_col-sm-12\"><div class=\"vc_column-inner\"><div class=\"wpb_wrapper\"><div      class=\"vc_row wpb_row section vc_row-fluid vc_inner\" style=' text-align:left;'><div class=\"full_section_inner clearfix\"><div class=\"wpb_column vc_column_container vc_col-sm-12\"><div class=\"vc_column-inner\"><div class=\"wpb_wrapper\">\n\t<div class=\"wpb_text_column wpb_content_element\">\n\t\t<div class=\"wpb_wrapper\">\n\t\t\t<h1 style=\"text-align: center;\">Prestations de service<\/h1>\n\n\t\t<\/div> \n\t<\/div> <\/div><\/div><\/div><\/div><\/div><\/div><\/div><\/div><\/div><\/div><section      data-speed=\"0\" class=\"parallax_section_holder\" style = \" height:px; background-image:url('https:\/\/integratedrehab.org\/wp-content\/uploads\/2019\/09\/about-us-ellipse.png');\"><div class=\"parallax_content left\"><div class='parallax_section_inner_margin clearfix'><div class=\"wpb_column vc_column_container vc_col-sm-12\"><div class=\"vc_column-inner\"><div class=\"wpb_wrapper\"><div      class=\"vc_row wpb_row section vc_row-fluid vc_inner  vc_custom_1568752192704\" style=' text-align:left;'><div class=\"full_section_inner clearfix\"><div class=\"wpb_column vc_column_container vc_col-sm-4\"><div class=\"vc_column-inner\"><div class=\"wpb_wrapper\">\n\t<div class=\"wpb_raw_code wpb_content_element wpb_raw_html\" >\n\t\t<div class=\"wpb_wrapper\">\n\t\t\t<div class=\"services\">\n<a href=\"\/fr\/services\/home-assessment-treatment\/\"><div class=\"service-content-active\">L'\u00e9valuation Et Le Traitement \u00c0 Domicile<\/div><\/a>\n<a href=\"\/fr\/services\/occupational-therapy\/\"><div class=\"service-content\">Ergoth\u00e9rapie<\/div><\/a>\n<a href=\"\/fr\/services\/physiotherapy\/\"><div class=\"service-content\">Physioth\u00e9rapie<\/div><\/a>\n<a href=\"\/fr\/services\/social-work\/\"><div class=\"service-content\">Travail Social<\/div><\/a>\n<a href=\"\/fr\/services\/dietitian\/\"><div class=\"service-content\">Services De Di\u00e9t\u00e9tique<\/div><\/a>\n<a href=\"\/fr\/services\/physiotherapy-occupational-therapy-assistant\/\"><div class=\"service-content\">Les Assistants En Physioth\u00e9rapie Et En Ergoth\u00e9rapie<\/div><\/a>\n<a href=\"\/fr\/services\/fall-prevention\/\"><div class=\"service-content\">Cours de pr\u00e9vention des chutes dans les maisons de retraite<\/div><\/a>\n<a href=\"\/fr\/services\/massage-therapy\/\"><div class=\"service-content-bottom\">Massoth\u00e9rapie enregistr\u00e9e<\/div><\/a>\n<\/div>\n\t\t<\/div>\n\t<\/div>\n<\/div><\/div><\/div><div class=\"info-box wpb_column vc_column_container vc_col-sm-8\"><div class=\"vc_column-inner\"><div class=\"wpb_wrapper\">\n\t<div class=\"wpb_single_image wpb_content_element vc_align_left\">\n\t\t<div class=\"wpb_wrapper\">\n\t\t\t\n\t\t\t<div class=\"vc_single_image-wrapper   vc_box_border_grey\"><img loading=\"lazy\" decoding=\"async\" width=\"530\" height=\"230\" src=\"https:\/\/integratedrehab.org\/wp-content\/uploads\/2019\/10\/home-assess.jpg\" class=\"vc_single_image-img attachment-full\" alt=\"\" srcset=\"https:\/\/integratedrehab.org\/wp-content\/uploads\/2019\/10\/home-assess.jpg 530w, https:\/\/integratedrehab.org\/wp-content\/uploads\/2019\/10\/home-assess-300x130.jpg 300w\" sizes=\"auto, (max-width: 530px) 100vw, 530px\" \/><\/div>\n\t\t<\/div>\n\t<\/div>\n\t<div class=\"vc_empty_space\"  style=\"height: 32px\" ><span\n\t\t\tclass=\"vc_empty_space_inner\">\n\t\t\t<span class=\"empty_space_image\"  ><\/span>\n\t\t<\/span><\/div>\n\n\n\t<div class=\"wpb_text_column wpb_content_element\">\n\t\t<div class=\"wpb_wrapper\">\n\t\t\t<h2>L'\u00e9valuation Et Le Traitement \u00c0 Domicile<\/h2>\n\n\t\t<\/div> \n\t<\/div> \t<div class=\"vc_empty_space\"  style=\"height: 32px\" ><span\n\t\t\tclass=\"vc_empty_space_inner\">\n\t\t\t<span class=\"empty_space_image\"  ><\/span>\n\t\t<\/span><\/div>\n\n\n\t<div class=\"wpb_text_column wpb_content_element\">\n\t\t<div class=\"wpb_wrapper\">\n\t\t\t<p>Les physioth\u00e9rapeutes, les ergoth\u00e9rapeutes, les di\u00e9t\u00e9ticiens, les travailleurs sociaux, les massoth\u00e9rapeutes et les kin\u00e9siologues\/assistants en physioth\u00e9rapie re\u00e7oivent et traitent les patients \u00e0 leur domicile.  Les physioth\u00e9rapeutes et les ergoth\u00e9rapeutes sont agr\u00e9\u00e9s ADP, ce qui leur permet d'\u00e9valuer le client \u00e0 son domicile pour les aides \u00e0 la mobilit\u00e9 (d\u00e9ambulateur standard, d\u00e9ambulateur \u00e0 roulettes, fauteuil roulant, scooter, fauteuil roulant \u00e9lectrique, si\u00e8ge sp\u00e9cial, etc.)  Nous servons des clients qui ont besoin d'un traitement\/conseil \u00e0 domicile pour des affections aigu\u00ebs et chroniques, ainsi que des patients qui ont eu des probl\u00e8mes de sant\u00e9 mentale ou de toxicomanie.  Nous fournissons des soins \u00e0 votre intention, en faisant de vous, de vos objectifs et de ceux de votre famille notre priorit\u00e9 absolue.<\/p>\n\n\t\t<\/div> \n\t<\/div> \t<div class=\"vc_empty_space\"  style=\"height: 32px\" ><span\n\t\t\tclass=\"vc_empty_space_inner\">\n\t\t\t<span class=\"empty_space_image\"  ><\/span>\n\t\t<\/span><\/div>\n\n<a  itemprop=\"url\" href=\"\/fr\/contact-us\/\" target=\"_self\"  class=\"qbutton  default\" style=\"\">Parlons<\/a><\/div><\/div><\/div><\/div><\/div><\/div><\/div><\/div><\/div><\/div><\/section>","protected":false},"excerpt":{"rendered":"Services Home Assessment &amp; Treatment Occupational Therapy Physiotherapy Social Work Dietitian's Services Physiotherapy &amp; Occupational Therapy Assistant Fall Prevention Classes In Retirement Homes Registered Massage Therapy Home Assessment &amp; Treatment Physiotherapists, Occupational Therapists, Dietitians, Social Workers, Massage Therapists and Kinesiologists\/Physiotherapy assistants assess and treat patients...","protected":false},"author":1,"featured_media":0,"parent":495,"menu_order":0,"comment_status":"closed","ping_status":"closed","template":"full_width.php","meta":{"footnotes":""},"class_list":["post-325","page","type-page","status-publish","hentry"],"_links":{"self":[{"href":"https:\/\/integratedrehab.org\/fr\/wp-json\/wp\/v2\/pages\/325","targetHints":{"allow":["GET"]}}],"collection":[{"href":"https:\/\/integratedrehab.org\/fr\/wp-json\/wp\/v2\/pages"}],"about":[{"href":"https:\/\/integratedrehab.org\/fr\/wp-json\/wp\/v2\/types\/page"}],"author":[{"embeddable":true,"href":"https:\/\/integratedrehab.org\/fr\/wp-json\/wp\/v2\/users\/1"}],"replies":[{"embeddable":true,"href":"https:\/\/integratedrehab.org\/fr\/wp-json\/wp\/v2\/comments?post=325"}],"version-history":[{"count":40,"href":"https:\/\/integratedrehab.org\/fr\/wp-json\/wp\/v2\/pages\/325\/revisions"}],"predecessor-version":[{"id":793,"href":"https:\/\/integratedrehab.org\/fr\/wp-json\/wp\/v2\/pages\/325\/revisions\/793"}],"up":[{"embeddable":true,"href":"https:\/\/integratedrehab.org\/fr\/wp-json\/wp\/v2\/pages\/495"}],"wp:attachment":[{"href":"https:\/\/integratedrehab.org\/fr\/wp-json\/wp\/v2\/media?parent=325"}],"curies":[{"name":"wp","href":"https:\/\/api.w.org\/{rel}","templated":true}]}}